{"id":2031,"date":"2017-04-14T22:17:02","date_gmt":"2017-04-15T03:17:02","guid":{"rendered":"http:\/\/panperu.org\/web\/?page_id=2031"},"modified":"2020-01-03T08:59:11","modified_gmt":"2020-01-03T13:59:11","slug":"mision-y-vision","status":"publish","type":"page","link":"https:\/\/panperu.org\/web\/mision-y-vision\/","title":{"rendered":"Misi\u00f3n y Visi\u00f3n"},"content":{"rendered":"<div id=\"pl-2031\"  class=\"panel-layout\" ><div id=\"pg-2031-0\"  class=\"panel-grid panel-has-style\" ><div class=\"siteorigin-panels-stretch panel-row-style panel-row-style-for-2031-0\" data-stretch-type=\"full\" ><div id=\"pgc-2031-0-0\"  class=\"panel-grid-cell\" ><div id=\"panel-2031-0-0-0\" class=\"so-panel widget widget_sow-image panel-first-child panel-last-child\" data-index=\"0\" ><div\n\t\t\t\n\t\t\tclass=\"so-widget-sow-image so-widget-sow-image-default-d6014b76747a-2031\"\n\t\t\t\n\t\t>\n\n<div class=\"sow-image-container\">\n\t\t<img src=\"https:\/\/panperu.org\/web\/wp-content\/uploads\/2017\/04\/13055456_1068361909891730_5450752516914191153_n.jpg\" width=\"960\" height=\"540\" srcset=\"https:\/\/panperu.org\/web\/wp-content\/uploads\/2017\/04\/13055456_1068361909891730_5450752516914191153_n.jpg 960w, https:\/\/panperu.org\/web\/wp-content\/uploads\/2017\/04\/13055456_1068361909891730_5450752516914191153_n-600x338.jpg 600w, https:\/\/panperu.org\/web\/wp-content\/uploads\/2017\/04\/13055456_1068361909891730_5450752516914191153_n-300x169.jpg 300w, https:\/\/panperu.org\/web\/wp-content\/uploads\/2017\/04\/13055456_1068361909891730_5450752516914191153_n-768x432.jpg 768w\" sizes=\"(max-width: 960px) 100vw, 960px\" alt=\"\" loading=\"lazy\" \t\tclass=\"so-widget-image\"\/>\n\t<\/div>\n\n<\/div><\/div><\/div><div id=\"pgc-2031-0-1\"  class=\"panel-grid-cell\" ><div id=\"panel-2031-0-1-0\" class=\"so-panel widget widget_sow-editor panel-first-child panel-last-child\" data-index=\"1\" ><div\n\t\t\t\n\t\t\tclass=\"so-widget-sow-editor so-widget-sow-editor-base\"\n\t\t\t\n\t\t>\n<div class=\"siteorigin-widget-tinymce textwidget\">\n\t<h1><span style=\"color: #000000;\">OUR\u00a0VISION<\/span><\/h1>\n<p><span style=\"vertical-align: inherit;\">The <\/span><strong><span style=\"vertical-align: inherit;\">Cultural Association to Help Children - PAN PER\u00da<\/span><\/strong><span style=\"vertical-align: inherit;\"> is a channel of God's blessing to support and promote a comprehensive education of children with limited resources. We promote this education through the construction and implementation of children's libraries.<\/span><\/p>\n<\/div>\n<\/div><\/div><\/div><\/div><\/div><div id=\"pg-2031-1\"  class=\"panel-grid panel-has-style\" ><div class=\"siteorigin-panels-stretch panel-row-style panel-row-style-for-2031-1\" data-stretch-type=\"full\" ><div id=\"pgc-2031-1-0\"  class=\"panel-grid-cell\" ><div id=\"panel-2031-1-0-0\" class=\"so-panel widget widget_sow-editor panel-first-child panel-last-child\" data-index=\"2\" ><div\n\t\t\t\n\t\t\tclass=\"so-widget-sow-editor so-widget-sow-editor-base\"\n\t\t\t\n\t\t>\n<div class=\"siteorigin-widget-tinymce textwidget\">\n\t<h1><span style=\"color: #ffffff;\">OUR\u00a0MISSION<\/span><\/h1>\n<p><span style=\"vertical-align: inherit; color: #ffffff;\">We believe in strengthening children physically, morally and spiritually. Additionally, we believe in providing children with a good value system, a winning mentality and a positive attitude. As a result, this will allow children to become independent and contributing members of their communities in the future.<\/span><\/p>\n<\/div>\n<\/div><\/div><\/div><div id=\"pgc-2031-1-1\"  class=\"panel-grid-cell\" ><div id=\"panel-2031-1-1-0\" class=\"so-panel widget widget_sow-image panel-first-child panel-last-child\" data-index=\"3\" ><div\n\t\t\t\n\t\t\tclass=\"so-widget-sow-image so-widget-sow-image-default-d6014b76747a-2031\"\n\t\t\t\n\t\t>\n\n<div class=\"sow-image-container\">\n\t\t<img src=\"https:\/\/panperu.org\/web\/wp-content\/uploads\/2019\/09\/IMG_20161013_150112009.jpg\" width=\"4160\" height=\"2340\" srcset=\"https:\/\/panperu.org\/web\/wp-content\/uploads\/2019\/09\/IMG_20161013_150112009.jpg 4160w, https:\/\/panperu.org\/web\/wp-content\/uploads\/2019\/09\/IMG_20161013_150112009-300x169.jpg 300w, https:\/\/panperu.org\/web\/wp-content\/uploads\/2019\/09\/IMG_20161013_150112009-768x432.jpg 768w, https:\/\/panperu.org\/web\/wp-content\/uploads\/2019\/09\/IMG_20161013_150112009-1024x576.jpg 1024w, https:\/\/panperu.org\/web\/wp-content\/uploads\/2019\/09\/IMG_20161013_150112009-600x338.jpg 600w\" sizes=\"(max-width: 4160px) 100vw, 4160px\" alt=\"\" loading=\"lazy\" \t\tclass=\"so-widget-image\"\/>\n\t<\/div>\n\n<\/div><\/div><\/div><\/div><\/div><\/div>","protected":false},"excerpt":{"rendered":"<p>OUR\u00a0VISION The Cultural Association to Help Children &#8211; PAN PER\u00da is a channel of God&#8217;s blessing to support and promote a comprehensive education of children with limited resources. We promote this education through the construction and implementation of children&#8217;s libraries. OUR\u00a0MISSION We believe in strengthening children physically, morally and spiritually. Additionally, we believe in providing <a href=\"https:\/\/panperu.org\/web\/mision-y-vision\/\" rel=\"nofollow\"><span class=\"sr-only\">Leer m\u00e1sMisi\u00f3n y Visi\u00f3n<\/span>[&hellip;]<\/a><\/p>\n","protected":false},"author":2,"featured_media":0,"parent":0,"menu_order":2,"comment_status":"closed","ping_status":"open","template":"template-fullwidth-no-title.php","meta":[],"_links":{"self":[{"href":"https:\/\/panperu.org\/web\/wp-json\/wp\/v2\/pages\/2031"}],"collection":[{"href":"https:\/\/panperu.org\/web\/wp-json\/wp\/v2\/pages"}],"about":[{"href":"https:\/\/panperu.org\/web\/wp-json\/wp\/v2\/types\/page"}],"author":[{"embeddable":true,"href":"https:\/\/panperu.org\/web\/wp-json\/wp\/v2\/users\/2"}],"replies":[{"embeddable":true,"href":"https:\/\/panperu.org\/web\/wp-json\/wp\/v2\/comments?post=2031"}],"version-history":[{"count":8,"href":"https:\/\/panperu.org\/web\/wp-json\/wp\/v2\/pages\/2031\/revisions"}],"predecessor-version":[{"id":4113,"href":"https:\/\/panperu.org\/web\/wp-json\/wp\/v2\/pages\/2031\/revisions\/4113"}],"wp:attachment":[{"href":"https:\/\/panperu.org\/web\/wp-json\/wp\/v2\/media?parent=2031"}],"curies":[{"name":"wp","href":"https:\/\/api.w.org\/{rel}","templated":true}]}}